{"id":40,"date":"2026-02-18T20:37:01","date_gmt":"2026-02-18T19:37:01","guid":{"rendered":"https:\/\/sylwiafilonowicz.pl\/?page_id=40"},"modified":"2026-02-28T13:03:21","modified_gmt":"2026-02-28T12:03:21","slug":"witamy","status":"publish","type":"page","link":"https:\/\/sylwiafilonowicz.pl\/","title":{"rendered":"Witamy"},"content":{"rendered":"\n<p>Jeste\u015bmy pasjonatami stylizacji paznokci, kt\u00f3re przekszta\u0142caj\u0105 zwyk\u0142e d\u0142onie w dzie\u0142a sztuki. Na naszej stronie znajdziesz galeri\u0119 naszych najnowszych kreacji \u2013 od klasycznych manicure po awangardowe wzory inspirowane natur\u0105, mod\u0105 i Twoimi marzeniami. Ka\u017cda praca to po\u0142\u0105czenie precyzji, wysokiej jako\u015bci materia\u0142\u00f3w i kreatywno\u015bci, by podkre\u015bli\u0107 Tw\u00f3j unikalny styl.<\/p>\n\n\n\n<p>Przegl\u0105daj nasze portfolio, inspiruj si\u0119 i skontaktuj si\u0119 z nami, aby um\u00f3wi\u0107 si\u0119 na sesj\u0119. Twoje paznokcie zas\u0142uguj\u0105 na to, co najlepsze \u2013 zacznijmy przygod\u0119 z pi\u0119knem ju\u017c dzi\u015b! \ud83d\udc85\u2728<\/p>\n\n\n\n<figure class=\"wp-block-video\"><video height=\"1920\" style=\"aspect-ratio: 1080 \/ 1920;\" width=\"1080\" autoplay controls loop muted src=\"https:\/\/sylwiafilonowicz.pl\/wp-content\/uploads\/2026\/02\/Sylwia-Filonowicz-Film-Szkolenia.mp4\" playsinline><\/video><\/figure>\n","protected":false},"excerpt":{"rendered":"<p>Jeste\u015bmy pasjonatami stylizacji paznokci, kt\u00f3re przekszta\u0142caj\u0105 zwyk\u0142e d\u0142onie w dzie\u0142a sztuki. Na naszej stronie znajdziesz galeri\u0119 naszych najnowszych kreacji \u2013&#46;&#46;&#46;<\/p>\n","protected":false},"author":1,"featured_media":0,"parent":0,"menu_order":0,"comment_status":"closed","ping_status":"closed","template":"","meta":{"footnotes":""},"class_list":["post-40","page","type-page","status-publish","hentry"],"yoast_head":"<!-- This site is optimized with the Yoast SEO plugin v27.4 - https:\/\/yoast.com\/product\/yoast-seo-wordpress\/ -->\n<title>Witamy - Centrum Szkoleniowo-Kosmetyczne<\/title>\n<meta name=\"robots\" content=\"index, follow, max-snippet:-1, max-image-preview:large, max-video-preview:-1\" \/>\n<link rel=\"canonical\" href=\"https:\/\/sylwiafilonowicz.pl\/\" \/>\n<meta property=\"og:locale\" content=\"pl_PL\" \/>\n<meta property=\"og:type\" content=\"article\" \/>\n<meta property=\"og:title\" content=\"Witamy - Centrum Szkoleniowo-Kosmetyczne\" \/>\n<meta property=\"og:description\" content=\"Jeste\u015bmy pasjonatami stylizacji paznokci, kt\u00f3re przekszta\u0142caj\u0105 zwyk\u0142e d\u0142onie w dzie\u0142a sztuki. Na naszej stronie znajdziesz galeri\u0119 naszych najnowszych kreacji \u2013&#046;&#046;&#046;\" \/>\n<meta property=\"og:url\" content=\"https:\/\/sylwiafilonowicz.pl\/\" \/>\n<meta property=\"og:site_name\" content=\"Centrum Szkoleniowo-Kosmetyczne\" \/>\n<meta property=\"article:publisher\" content=\"https:\/\/www.facebook.com\/NailsAndBeautyWalbrzych\" \/>\n<meta property=\"article:modified_time\" content=\"2026-02-28T12:03:21+00:00\" \/>\n<meta name=\"twitter:card\" content=\"summary_large_image\" \/>\n<meta name=\"twitter:label1\" content=\"Szacowany czas czytania\" \/>\n\t<meta name=\"twitter:data1\" content=\"1 minuta\" \/>\n<script type=\"application\/ld+json\" class=\"yoast-schema-graph\">{\"@context\":\"https:\\\/\\\/schema.org\",\"@graph\":[{\"@type\":\"WebPage\",\"@id\":\"https:\\\/\\\/sylwiafilonowicz.pl\\\/\",\"url\":\"https:\\\/\\\/sylwiafilonowicz.pl\\\/\",\"name\":\"Witamy - Centrum Szkoleniowo-Kosmetyczne\",\"isPartOf\":{\"@id\":\"https:\\\/\\\/sylwiafilonowicz.pl\\\/#website\"},\"datePublished\":\"2026-02-18T19:37:01+00:00\",\"dateModified\":\"2026-02-28T12:03:21+00:00\",\"breadcrumb\":{\"@id\":\"https:\\\/\\\/sylwiafilonowicz.pl\\\/#breadcrumb\"},\"inLanguage\":\"pl-PL\",\"potentialAction\":[{\"@type\":\"ReadAction\",\"target\":[\"https:\\\/\\\/sylwiafilonowicz.pl\\\/\"]}]},{\"@type\":\"BreadcrumbList\",\"@id\":\"https:\\\/\\\/sylwiafilonowicz.pl\\\/#breadcrumb\",\"itemListElement\":[{\"@type\":\"ListItem\",\"position\":1,\"name\":\"Home\",\"item\":\"https:\\\/\\\/sylwiafilonowicz.pl\\\/\"},{\"@type\":\"ListItem\",\"position\":2,\"name\":\"Witamy\"}]},{\"@type\":\"WebSite\",\"@id\":\"https:\\\/\\\/sylwiafilonowicz.pl\\\/#website\",\"url\":\"https:\\\/\\\/sylwiafilonowicz.pl\\\/\",\"name\":\"Centrum Szkoleniowo-Kosmetyczne\",\"description\":\"Pi\u0119kno w Twoich D\u0142oniach: Zabiegi Beauty, Stylizacja Paznokci i Szkolenia!\",\"publisher\":{\"@id\":\"https:\\\/\\\/sylwiafilonowicz.pl\\\/#organization\"},\"potentialAction\":[{\"@type\":\"SearchAction\",\"target\":{\"@type\":\"EntryPoint\",\"urlTemplate\":\"https:\\\/\\\/sylwiafilonowicz.pl\\\/?s={search_term_string}\"},\"query-input\":{\"@type\":\"PropertyValueSpecification\",\"valueRequired\":true,\"valueName\":\"search_term_string\"}}],\"inLanguage\":\"pl-PL\"},{\"@type\":\"Organization\",\"@id\":\"https:\\\/\\\/sylwiafilonowicz.pl\\\/#organization\",\"name\":\"Centrum Szkoleniowo-Kosmetyczne w Wa\u0142brzychu Sylwia Fi\u0142onowicz\",\"url\":\"https:\\\/\\\/sylwiafilonowicz.pl\\\/\",\"logo\":{\"@type\":\"ImageObject\",\"inLanguage\":\"pl-PL\",\"@id\":\"https:\\\/\\\/sylwiafilonowicz.pl\\\/#\\\/schema\\\/logo\\\/image\\\/\",\"url\":\"https:\\\/\\\/sylwiafilonowicz.pl\\\/wp-content\\\/uploads\\\/2026\\\/02\\\/cropped-Bez-nazwy-19.jpeg\",\"contentUrl\":\"https:\\\/\\\/sylwiafilonowicz.pl\\\/wp-content\\\/uploads\\\/2026\\\/02\\\/cropped-Bez-nazwy-19.jpeg\",\"width\":2559,\"height\":768,\"caption\":\"Centrum Szkoleniowo-Kosmetyczne w Wa\u0142brzychu Sylwia Fi\u0142onowicz\"},\"image\":{\"@id\":\"https:\\\/\\\/sylwiafilonowicz.pl\\\/#\\\/schema\\\/logo\\\/image\\\/\"},\"sameAs\":[\"https:\\\/\\\/www.facebook.com\\\/NailsAndBeautyWalbrzych\",\"https:\\\/\\\/www.instagram.com\\\/sylwiafilonowiczcsk\"]}]}<\/script>\n<!-- \/ Yoast SEO plugin. -->","yoast_head_json":{"title":"Witamy - Centrum Szkoleniowo-Kosmetyczne","robots":{"index":"index","follow":"follow","max-snippet":"max-snippet:-1","max-image-preview":"max-image-preview:large","max-video-preview":"max-video-preview:-1"},"canonical":"https:\/\/sylwiafilonowicz.pl\/","og_locale":"pl_PL","og_type":"article","og_title":"Witamy - Centrum Szkoleniowo-Kosmetyczne","og_description":"Jeste\u015bmy pasjonatami stylizacji paznokci, kt\u00f3re przekszta\u0142caj\u0105 zwyk\u0142e d\u0142onie w dzie\u0142a sztuki. Na naszej stronie znajdziesz galeri\u0119 naszych najnowszych kreacji \u2013&#46;&#46;&#46;","og_url":"https:\/\/sylwiafilonowicz.pl\/","og_site_name":"Centrum Szkoleniowo-Kosmetyczne","article_publisher":"https:\/\/www.facebook.com\/NailsAndBeautyWalbrzych","article_modified_time":"2026-02-28T12:03:21+00:00","twitter_card":"summary_large_image","twitter_misc":{"Szacowany czas czytania":"1 minuta"},"schema":{"@context":"https:\/\/schema.org","@graph":[{"@type":"WebPage","@id":"https:\/\/sylwiafilonowicz.pl\/","url":"https:\/\/sylwiafilonowicz.pl\/","name":"Witamy - Centrum Szkoleniowo-Kosmetyczne","isPartOf":{"@id":"https:\/\/sylwiafilonowicz.pl\/#website"},"datePublished":"2026-02-18T19:37:01+00:00","dateModified":"2026-02-28T12:03:21+00:00","breadcrumb":{"@id":"https:\/\/sylwiafilonowicz.pl\/#breadcrumb"},"inLanguage":"pl-PL","potentialAction":[{"@type":"ReadAction","target":["https:\/\/sylwiafilonowicz.pl\/"]}]},{"@type":"BreadcrumbList","@id":"https:\/\/sylwiafilonowicz.pl\/#breadcrumb","itemListElement":[{"@type":"ListItem","position":1,"name":"Home","item":"https:\/\/sylwiafilonowicz.pl\/"},{"@type":"ListItem","position":2,"name":"Witamy"}]},{"@type":"WebSite","@id":"https:\/\/sylwiafilonowicz.pl\/#website","url":"https:\/\/sylwiafilonowicz.pl\/","name":"Centrum Szkoleniowo-Kosmetyczne","description":"Pi\u0119kno w Twoich D\u0142oniach: Zabiegi Beauty, Stylizacja Paznokci i Szkolenia!","publisher":{"@id":"https:\/\/sylwiafilonowicz.pl\/#organization"},"potentialAction":[{"@type":"SearchAction","target":{"@type":"EntryPoint","urlTemplate":"https:\/\/sylwiafilonowicz.pl\/?s={search_term_string}"},"query-input":{"@type":"PropertyValueSpecification","valueRequired":true,"valueName":"search_term_string"}}],"inLanguage":"pl-PL"},{"@type":"Organization","@id":"https:\/\/sylwiafilonowicz.pl\/#organization","name":"Centrum Szkoleniowo-Kosmetyczne w Wa\u0142brzychu Sylwia Fi\u0142onowicz","url":"https:\/\/sylwiafilonowicz.pl\/","logo":{"@type":"ImageObject","inLanguage":"pl-PL","@id":"https:\/\/sylwiafilonowicz.pl\/#\/schema\/logo\/image\/","url":"https:\/\/sylwiafilonowicz.pl\/wp-content\/uploads\/2026\/02\/cropped-Bez-nazwy-19.jpeg","contentUrl":"https:\/\/sylwiafilonowicz.pl\/wp-content\/uploads\/2026\/02\/cropped-Bez-nazwy-19.jpeg","width":2559,"height":768,"caption":"Centrum Szkoleniowo-Kosmetyczne w Wa\u0142brzychu Sylwia Fi\u0142onowicz"},"image":{"@id":"https:\/\/sylwiafilonowicz.pl\/#\/schema\/logo\/image\/"},"sameAs":["https:\/\/www.facebook.com\/NailsAndBeautyWalbrzych","https:\/\/www.instagram.com\/sylwiafilonowiczcsk"]}]}},"_links":{"self":[{"href":"https:\/\/sylwiafilonowicz.pl\/index.php?rest_route=\/wp\/v2\/pages\/40","targetHints":{"allow":["GET"]}}],"collection":[{"href":"https:\/\/sylwiafilonowicz.pl\/index.php?rest_route=\/wp\/v2\/pages"}],"about":[{"href":"https:\/\/sylwiafilonowicz.pl\/index.php?rest_route=\/wp\/v2\/types\/page"}],"author":[{"embeddable":true,"href":"https:\/\/sylwiafilonowicz.pl\/index.php?rest_route=\/wp\/v2\/users\/1"}],"replies":[{"embeddable":true,"href":"https:\/\/sylwiafilonowicz.pl\/index.php?rest_route=%2Fwp%2Fv2%2Fcomments&post=40"}],"version-history":[{"count":3,"href":"https:\/\/sylwiafilonowicz.pl\/index.php?rest_route=\/wp\/v2\/pages\/40\/revisions"}],"predecessor-version":[{"id":84,"href":"https:\/\/sylwiafilonowicz.pl\/index.php?rest_route=\/wp\/v2\/pages\/40\/revisions\/84"}],"wp:attachment":[{"href":"https:\/\/sylwiafilonowicz.pl\/index.php?rest_route=%2Fwp%2Fv2%2Fmedia&parent=40"}],"curies":[{"name":"wp","href":"https:\/\/api.w.org\/{rel}","templated":true}]}}